{"id":1196,"date":"2025-10-16T11:14:20","date_gmt":"2025-10-16T11:14:20","guid":{"rendered":"https:\/\/www.lipka-box.sk\/?page_id=1196"},"modified":"2025-11-26T14:03:22","modified_gmt":"2025-11-26T14:03:22","slug":"vrh-e","status":"publish","type":"page","link":"https:\/\/www.lipka-box.sk\/?page_id=1196","title":{"rendered":"Vrh &#8222;E&#8220;"},"content":{"rendered":"\n<p><strong><mark style=\"background-color:rgba(0, 0, 0, 0)\" class=\"has-inline-color has-vivid-red-color\">Dostupn\u00e9 na rezerv\u00e1ciu &#8211; Available  for reservation<\/mark><\/strong><\/p>\n\n\n\n<div class=\"wp-block-media-text is-stacked-on-mobile\"><figure class=\"wp-block-media-text__media\"><img loading=\"lazy\" decoding=\"async\" width=\"1024\" height=\"744\" src=\"https:\/\/www.lipka-box.sk\/wp-content\/uploads\/2025\/11\/Fred-Enola-1-1024x744.jpeg\" alt=\"\" class=\"wp-image-1259 size-full\" srcset=\"https:\/\/www.lipka-box.sk\/wp-content\/uploads\/2025\/11\/Fred-Enola-1-1024x744.jpeg 1024w, https:\/\/www.lipka-box.sk\/wp-content\/uploads\/2025\/11\/Fred-Enola-1-300x218.jpeg 300w, https:\/\/www.lipka-box.sk\/wp-content\/uploads\/2025\/11\/Fred-Enola-1-768x558.jpeg 768w, https:\/\/www.lipka-box.sk\/wp-content\/uploads\/2025\/11\/Fred-Enola-1.jpeg 1486w\" sizes=\"auto, (max-width: 1024px) 100vw, 1024px\" \/><\/figure><div class=\"wp-block-media-text__content\">\n<p>D\u00e1tum narodenia: 13.11.2025<\/p>\n\n\n\n<p>zlat\u00fd pes:4x<\/p>\n\n\n\n<p>biely pes: 1x<\/p>\n\n\n\n<p>zlat\u00e1 fenka: 2x<\/p>\n<\/div><\/div>\n\n\n\n<figure class=\"wp-block-image size-large\"><img loading=\"lazy\" decoding=\"async\" width=\"1024\" height=\"393\" src=\"https:\/\/www.lipka-box.sk\/wp-content\/uploads\/2025\/11\/E-vrh-1-1024x393.jpg\" alt=\"\" class=\"wp-image-1257\" srcset=\"https:\/\/www.lipka-box.sk\/wp-content\/uploads\/2025\/11\/E-vrh-1-1024x393.jpg 1024w, https:\/\/www.lipka-box.sk\/wp-content\/uploads\/2025\/11\/E-vrh-1-300x115.jpg 300w, https:\/\/www.lipka-box.sk\/wp-content\/uploads\/2025\/11\/E-vrh-1-768x295.jpg 768w, https:\/\/www.lipka-box.sk\/wp-content\/uploads\/2025\/11\/E-vrh-1-1536x590.jpg 1536w, https:\/\/www.lipka-box.sk\/wp-content\/uploads\/2025\/11\/E-vrh-1-2048x787.jpg 2048w, https:\/\/www.lipka-box.sk\/wp-content\/uploads\/2025\/11\/E-vrh-1-2000x768.jpg 2000w\" sizes=\"auto, (max-width: 1024px) 100vw, 1024px\" \/><\/figure>\n\n\n\n<h2 class=\"wp-block-heading\"><strong>Dostupn\u00e9 na rezerv\u00e1ciu &#8211; Available for reservation<\/strong><\/h2>\n\n\n\n<figure class=\"wp-block-gallery has-nested-images columns-default is-cropped wp-block-gallery-1 is-layout-flex wp-block-gallery-is-layout-flex\">\n<figure class=\"wp-block-image size-large\"><img loading=\"lazy\" decoding=\"async\" width=\"1024\" height=\"690\" data-id=\"1283\" src=\"https:\/\/www.lipka-box.sk\/wp-content\/uploads\/2025\/11\/Screenshot_20251125_120310_Studio-1024x690.jpg\" alt=\"\" class=\"wp-image-1283\" srcset=\"https:\/\/www.lipka-box.sk\/wp-content\/uploads\/2025\/11\/Screenshot_20251125_120310_Studio-1024x690.jpg 1024w, https:\/\/www.lipka-box.sk\/wp-content\/uploads\/2025\/11\/Screenshot_20251125_120310_Studio-300x202.jpg 300w, https:\/\/www.lipka-box.sk\/wp-content\/uploads\/2025\/11\/Screenshot_20251125_120310_Studio-768x517.jpg 768w, https:\/\/www.lipka-box.sk\/wp-content\/uploads\/2025\/11\/Screenshot_20251125_120310_Studio-1536x1034.jpg 1536w, https:\/\/www.lipka-box.sk\/wp-content\/uploads\/2025\/11\/Screenshot_20251125_120310_Studio-2048x1379.jpg 2048w, https:\/\/www.lipka-box.sk\/wp-content\/uploads\/2025\/11\/Screenshot_20251125_120310_Studio-2000x1347.jpg 2000w\" sizes=\"auto, (max-width: 1024px) 100vw, 1024px\" \/><\/figure>\n\n\n\n<figure class=\"wp-block-image size-large\"><img loading=\"lazy\" decoding=\"async\" width=\"1024\" height=\"814\" data-id=\"1288\" src=\"https:\/\/www.lipka-box.sk\/wp-content\/uploads\/2025\/11\/Screenshot_20251125_120834_Studio-1024x814.jpg\" alt=\"\" class=\"wp-image-1288\" srcset=\"https:\/\/www.lipka-box.sk\/wp-content\/uploads\/2025\/11\/Screenshot_20251125_120834_Studio-1024x814.jpg 1024w, https:\/\/www.lipka-box.sk\/wp-content\/uploads\/2025\/11\/Screenshot_20251125_120834_Studio-300x239.jpg 300w, https:\/\/www.lipka-box.sk\/wp-content\/uploads\/2025\/11\/Screenshot_20251125_120834_Studio-768x611.jpg 768w, https:\/\/www.lipka-box.sk\/wp-content\/uploads\/2025\/11\/Screenshot_20251125_120834_Studio-1536x1222.jpg 1536w, https:\/\/www.lipka-box.sk\/wp-content\/uploads\/2025\/11\/Screenshot_20251125_120834_Studio-2048x1629.jpg 2048w, https:\/\/www.lipka-box.sk\/wp-content\/uploads\/2025\/11\/Screenshot_20251125_120834_Studio-2000x1591.jpg 2000w\" sizes=\"auto, (max-width: 1024px) 100vw, 1024px\" \/><\/figure>\n\n\n\n<figure class=\"wp-block-image size-large\"><img loading=\"lazy\" decoding=\"async\" width=\"1024\" height=\"821\" data-id=\"1284\" src=\"https:\/\/www.lipka-box.sk\/wp-content\/uploads\/2025\/11\/Screenshot_20251125_140238_Studio-1024x821.jpg\" alt=\"\" class=\"wp-image-1284\" srcset=\"https:\/\/www.lipka-box.sk\/wp-content\/uploads\/2025\/11\/Screenshot_20251125_140238_Studio-1024x821.jpg 1024w, https:\/\/www.lipka-box.sk\/wp-content\/uploads\/2025\/11\/Screenshot_20251125_140238_Studio-300x241.jpg 300w, https:\/\/www.lipka-box.sk\/wp-content\/uploads\/2025\/11\/Screenshot_20251125_140238_Studio-768x616.jpg 768w, https:\/\/www.lipka-box.sk\/wp-content\/uploads\/2025\/11\/Screenshot_20251125_140238_Studio-1536x1232.jpg 1536w, https:\/\/www.lipka-box.sk\/wp-content\/uploads\/2025\/11\/Screenshot_20251125_140238_Studio-2048x1643.jpg 2048w, https:\/\/www.lipka-box.sk\/wp-content\/uploads\/2025\/11\/Screenshot_20251125_140238_Studio-2000x1604.jpg 2000w\" sizes=\"auto, (max-width: 1024px) 100vw, 1024px\" \/><\/figure>\n\n\n\n<figure class=\"wp-block-image size-large\"><img loading=\"lazy\" decoding=\"async\" width=\"1024\" height=\"779\" data-id=\"1287\" src=\"https:\/\/www.lipka-box.sk\/wp-content\/uploads\/2025\/11\/Screenshot_20251125_121324_Studio-1024x779.jpg\" alt=\"\" class=\"wp-image-1287\" srcset=\"https:\/\/www.lipka-box.sk\/wp-content\/uploads\/2025\/11\/Screenshot_20251125_121324_Studio-1024x779.jpg 1024w, https:\/\/www.lipka-box.sk\/wp-content\/uploads\/2025\/11\/Screenshot_20251125_121324_Studio-300x228.jpg 300w, https:\/\/www.lipka-box.sk\/wp-content\/uploads\/2025\/11\/Screenshot_20251125_121324_Studio-768x584.jpg 768w, https:\/\/www.lipka-box.sk\/wp-content\/uploads\/2025\/11\/Screenshot_20251125_121324_Studio-1536x1169.jpg 1536w, https:\/\/www.lipka-box.sk\/wp-content\/uploads\/2025\/11\/Screenshot_20251125_121324_Studio-2048x1559.jpg 2048w, https:\/\/www.lipka-box.sk\/wp-content\/uploads\/2025\/11\/Screenshot_20251125_121324_Studio-2000x1522.jpg 2000w\" sizes=\"auto, (max-width: 1024px) 100vw, 1024px\" \/><\/figure>\n\n\n\n<figure class=\"wp-block-image size-large\"><img loading=\"lazy\" decoding=\"async\" width=\"946\" height=\"1024\" data-id=\"1277\" src=\"https:\/\/www.lipka-box.sk\/wp-content\/uploads\/2025\/11\/Screenshot_20251125_121038_Studio-946x1024.jpg\" alt=\"\" class=\"wp-image-1277\" srcset=\"https:\/\/www.lipka-box.sk\/wp-content\/uploads\/2025\/11\/Screenshot_20251125_121038_Studio-946x1024.jpg 946w, https:\/\/www.lipka-box.sk\/wp-content\/uploads\/2025\/11\/Screenshot_20251125_121038_Studio-277x300.jpg 277w, https:\/\/www.lipka-box.sk\/wp-content\/uploads\/2025\/11\/Screenshot_20251125_121038_Studio-768x832.jpg 768w, https:\/\/www.lipka-box.sk\/wp-content\/uploads\/2025\/11\/Screenshot_20251125_121038_Studio-1419x1536.jpg 1419w, https:\/\/www.lipka-box.sk\/wp-content\/uploads\/2025\/11\/Screenshot_20251125_121038_Studio-1891x2048.jpg 1891w, https:\/\/www.lipka-box.sk\/wp-content\/uploads\/2025\/11\/Screenshot_20251125_121038_Studio.jpg 1908w\" sizes=\"auto, (max-width: 946px) 100vw, 946px\" \/><\/figure>\n\n\n\n<figure class=\"wp-block-image size-large\"><img loading=\"lazy\" decoding=\"async\" width=\"1024\" height=\"776\" data-id=\"1275\" src=\"https:\/\/www.lipka-box.sk\/wp-content\/uploads\/2025\/11\/Screenshot_20251125_104630_Studio-1024x776.jpg\" alt=\"\" class=\"wp-image-1275\" srcset=\"https:\/\/www.lipka-box.sk\/wp-content\/uploads\/2025\/11\/Screenshot_20251125_104630_Studio-1024x776.jpg 1024w, https:\/\/www.lipka-box.sk\/wp-content\/uploads\/2025\/11\/Screenshot_20251125_104630_Studio-300x227.jpg 300w, https:\/\/www.lipka-box.sk\/wp-content\/uploads\/2025\/11\/Screenshot_20251125_104630_Studio-768x582.jpg 768w, https:\/\/www.lipka-box.sk\/wp-content\/uploads\/2025\/11\/Screenshot_20251125_104630_Studio-1536x1164.jpg 1536w, https:\/\/www.lipka-box.sk\/wp-content\/uploads\/2025\/11\/Screenshot_20251125_104630_Studio-2048x1552.jpg 2048w, https:\/\/www.lipka-box.sk\/wp-content\/uploads\/2025\/11\/Screenshot_20251125_104630_Studio-2000x1515.jpg 2000w\" sizes=\"auto, (max-width: 1024px) 100vw, 1024px\" \/><\/figure>\n\n\n\n<figure class=\"wp-block-image size-large\"><img loading=\"lazy\" decoding=\"async\" width=\"1024\" height=\"930\" data-id=\"1278\" src=\"https:\/\/www.lipka-box.sk\/wp-content\/uploads\/2025\/11\/Screenshot_20251125_182657_Studio-1024x930.jpg\" alt=\"\" class=\"wp-image-1278\" srcset=\"https:\/\/www.lipka-box.sk\/wp-content\/uploads\/2025\/11\/Screenshot_20251125_182657_Studio-1024x930.jpg 1024w, https:\/\/www.lipka-box.sk\/wp-content\/uploads\/2025\/11\/Screenshot_20251125_182657_Studio-300x273.jpg 300w, https:\/\/www.lipka-box.sk\/wp-content\/uploads\/2025\/11\/Screenshot_20251125_182657_Studio-768x698.jpg 768w, https:\/\/www.lipka-box.sk\/wp-content\/uploads\/2025\/11\/Screenshot_20251125_182657_Studio-1536x1396.jpg 1536w, https:\/\/www.lipka-box.sk\/wp-content\/uploads\/2025\/11\/Screenshot_20251125_182657_Studio-2048x1861.jpg 2048w, https:\/\/www.lipka-box.sk\/wp-content\/uploads\/2025\/11\/Screenshot_20251125_182657_Studio-2000x1817.jpg 2000w\" sizes=\"auto, (max-width: 1024px) 100vw, 1024px\" \/><\/figure>\n\n\n\n<figure class=\"wp-block-image size-large\"><img loading=\"lazy\" decoding=\"async\" width=\"1024\" height=\"835\" data-id=\"1282\" src=\"https:\/\/www.lipka-box.sk\/wp-content\/uploads\/2025\/11\/Screenshot_20251125_182721_Studio-1024x835.jpg\" alt=\"\" class=\"wp-image-1282\" srcset=\"https:\/\/www.lipka-box.sk\/wp-content\/uploads\/2025\/11\/Screenshot_20251125_182721_Studio-1024x835.jpg 1024w, https:\/\/www.lipka-box.sk\/wp-content\/uploads\/2025\/11\/Screenshot_20251125_182721_Studio-300x245.jpg 300w, https:\/\/www.lipka-box.sk\/wp-content\/uploads\/2025\/11\/Screenshot_20251125_182721_Studio-768x627.jpg 768w, https:\/\/www.lipka-box.sk\/wp-content\/uploads\/2025\/11\/Screenshot_20251125_182721_Studio-1536x1253.jpg 1536w, https:\/\/www.lipka-box.sk\/wp-content\/uploads\/2025\/11\/Screenshot_20251125_182721_Studio-2048x1671.jpg 2048w, https:\/\/www.lipka-box.sk\/wp-content\/uploads\/2025\/11\/Screenshot_20251125_182721_Studio-2000x1632.jpg 2000w\" sizes=\"auto, (max-width: 1024px) 100vw, 1024px\" \/><\/figure>\n\n\n\n<figure class=\"wp-block-image size-large\"><img loading=\"lazy\" decoding=\"async\" width=\"1024\" height=\"971\" data-id=\"1281\" src=\"https:\/\/www.lipka-box.sk\/wp-content\/uploads\/2025\/11\/Screenshot_20251125_104749_Studio-1024x971.jpg\" alt=\"\" class=\"wp-image-1281\" srcset=\"https:\/\/www.lipka-box.sk\/wp-content\/uploads\/2025\/11\/Screenshot_20251125_104749_Studio-1024x971.jpg 1024w, https:\/\/www.lipka-box.sk\/wp-content\/uploads\/2025\/11\/Screenshot_20251125_104749_Studio-300x285.jpg 300w, https:\/\/www.lipka-box.sk\/wp-content\/uploads\/2025\/11\/Screenshot_20251125_104749_Studio-768x729.jpg 768w, https:\/\/www.lipka-box.sk\/wp-content\/uploads\/2025\/11\/Screenshot_20251125_104749_Studio-1536x1457.jpg 1536w, https:\/\/www.lipka-box.sk\/wp-content\/uploads\/2025\/11\/Screenshot_20251125_104749_Studio-2048x1943.jpg 2048w, https:\/\/www.lipka-box.sk\/wp-content\/uploads\/2025\/11\/Screenshot_20251125_104749_Studio-2000x1897.jpg 2000w\" sizes=\"auto, (max-width: 1024px) 100vw, 1024px\" \/><\/figure>\n\n\n\n<figure class=\"wp-block-image size-large\"><img loading=\"lazy\" decoding=\"async\" width=\"1024\" height=\"939\" data-id=\"1274\" src=\"https:\/\/www.lipka-box.sk\/wp-content\/uploads\/2025\/11\/Screenshot_20251125_105049_Studio-1024x939.jpg\" alt=\"\" class=\"wp-image-1274\" srcset=\"https:\/\/www.lipka-box.sk\/wp-content\/uploads\/2025\/11\/Screenshot_20251125_105049_Studio-1024x939.jpg 1024w, https:\/\/www.lipka-box.sk\/wp-content\/uploads\/2025\/11\/Screenshot_20251125_105049_Studio-300x275.jpg 300w, https:\/\/www.lipka-box.sk\/wp-content\/uploads\/2025\/11\/Screenshot_20251125_105049_Studio-768x704.jpg 768w, https:\/\/www.lipka-box.sk\/wp-content\/uploads\/2025\/11\/Screenshot_20251125_105049_Studio-1536x1409.jpg 1536w, https:\/\/www.lipka-box.sk\/wp-content\/uploads\/2025\/11\/Screenshot_20251125_105049_Studio-2048x1879.jpg 2048w, https:\/\/www.lipka-box.sk\/wp-content\/uploads\/2025\/11\/Screenshot_20251125_105049_Studio-2000x1835.jpg 2000w\" sizes=\"auto, (max-width: 1024px) 100vw, 1024px\" \/><\/figure>\n\n\n\n<figure class=\"wp-block-image size-large\"><img loading=\"lazy\" decoding=\"async\" width=\"1024\" height=\"919\" data-id=\"1285\" src=\"https:\/\/www.lipka-box.sk\/wp-content\/uploads\/2025\/11\/Screenshot_20251125_105254_Studio-1024x919.jpg\" alt=\"\" class=\"wp-image-1285\" srcset=\"https:\/\/www.lipka-box.sk\/wp-content\/uploads\/2025\/11\/Screenshot_20251125_105254_Studio-1024x919.jpg 1024w, https:\/\/www.lipka-box.sk\/wp-content\/uploads\/2025\/11\/Screenshot_20251125_105254_Studio-300x269.jpg 300w, https:\/\/www.lipka-box.sk\/wp-content\/uploads\/2025\/11\/Screenshot_20251125_105254_Studio-768x689.jpg 768w, https:\/\/www.lipka-box.sk\/wp-content\/uploads\/2025\/11\/Screenshot_20251125_105254_Studio-1536x1379.jpg 1536w, https:\/\/www.lipka-box.sk\/wp-content\/uploads\/2025\/11\/Screenshot_20251125_105254_Studio-2048x1839.jpg 2048w, https:\/\/www.lipka-box.sk\/wp-content\/uploads\/2025\/11\/Screenshot_20251125_105254_Studio-2000x1796.jpg 2000w\" sizes=\"auto, (max-width: 1024px) 100vw, 1024px\" \/><\/figure>\n\n\n\n<figure class=\"wp-block-image size-large\"><img loading=\"lazy\" decoding=\"async\" width=\"1024\" height=\"967\" data-id=\"1286\" src=\"https:\/\/www.lipka-box.sk\/wp-content\/uploads\/2025\/11\/Screenshot_20251125_152508_Studio-1024x967.jpg\" alt=\"\" class=\"wp-image-1286\" srcset=\"https:\/\/www.lipka-box.sk\/wp-content\/uploads\/2025\/11\/Screenshot_20251125_152508_Studio-1024x967.jpg 1024w, https:\/\/www.lipka-box.sk\/wp-content\/uploads\/2025\/11\/Screenshot_20251125_152508_Studio-300x283.jpg 300w, https:\/\/www.lipka-box.sk\/wp-content\/uploads\/2025\/11\/Screenshot_20251125_152508_Studio-768x725.jpg 768w, https:\/\/www.lipka-box.sk\/wp-content\/uploads\/2025\/11\/Screenshot_20251125_152508_Studio-1536x1450.jpg 1536w, https:\/\/www.lipka-box.sk\/wp-content\/uploads\/2025\/11\/Screenshot_20251125_152508_Studio-2048x1934.jpg 2048w, https:\/\/www.lipka-box.sk\/wp-content\/uploads\/2025\/11\/Screenshot_20251125_152508_Studio-2000x1888.jpg 2000w\" sizes=\"auto, (max-width: 1024px) 100vw, 1024px\" \/><\/figure>\n\n\n\n<figure class=\"wp-block-image size-large\"><img loading=\"lazy\" decoding=\"async\" width=\"1024\" height=\"722\" data-id=\"1280\" src=\"https:\/\/www.lipka-box.sk\/wp-content\/uploads\/2025\/11\/Screenshot_20251125_183413_Studio-1024x722.jpg\" alt=\"\" class=\"wp-image-1280\" srcset=\"https:\/\/www.lipka-box.sk\/wp-content\/uploads\/2025\/11\/Screenshot_20251125_183413_Studio-1024x722.jpg 1024w, https:\/\/www.lipka-box.sk\/wp-content\/uploads\/2025\/11\/Screenshot_20251125_183413_Studio-300x212.jpg 300w, https:\/\/www.lipka-box.sk\/wp-content\/uploads\/2025\/11\/Screenshot_20251125_183413_Studio-768x541.jpg 768w, https:\/\/www.lipka-box.sk\/wp-content\/uploads\/2025\/11\/Screenshot_20251125_183413_Studio-1536x1083.jpg 1536w, https:\/\/www.lipka-box.sk\/wp-content\/uploads\/2025\/11\/Screenshot_20251125_183413_Studio-2048x1444.jpg 2048w, https:\/\/www.lipka-box.sk\/wp-content\/uploads\/2025\/11\/Screenshot_20251125_183413_Studio-2000x1410.jpg 2000w\" sizes=\"auto, (max-width: 1024px) 100vw, 1024px\" \/><\/figure>\n\n\n\n<figure class=\"wp-block-image size-large\"><img loading=\"lazy\" decoding=\"async\" width=\"1024\" height=\"912\" data-id=\"1279\" src=\"https:\/\/www.lipka-box.sk\/wp-content\/uploads\/2025\/11\/Screenshot_20251125_181908_Studio-1024x912.jpg\" alt=\"\" class=\"wp-image-1279\" srcset=\"https:\/\/www.lipka-box.sk\/wp-content\/uploads\/2025\/11\/Screenshot_20251125_181908_Studio-1024x912.jpg 1024w, https:\/\/www.lipka-box.sk\/wp-content\/uploads\/2025\/11\/Screenshot_20251125_181908_Studio-300x267.jpg 300w, https:\/\/www.lipka-box.sk\/wp-content\/uploads\/2025\/11\/Screenshot_20251125_181908_Studio-768x684.jpg 768w, https:\/\/www.lipka-box.sk\/wp-content\/uploads\/2025\/11\/Screenshot_20251125_181908_Studio-1536x1367.jpg 1536w, https:\/\/www.lipka-box.sk\/wp-content\/uploads\/2025\/11\/Screenshot_20251125_181908_Studio-2048x1823.jpg 2048w, https:\/\/www.lipka-box.sk\/wp-content\/uploads\/2025\/11\/Screenshot_20251125_181908_Studio-2000x1781.jpg 2000w\" sizes=\"auto, (max-width: 1024px) 100vw, 1024px\" \/><\/figure>\n\n\n\n<figure class=\"wp-block-image size-large\"><img loading=\"lazy\" decoding=\"async\" width=\"1024\" height=\"752\" data-id=\"1276\" src=\"https:\/\/www.lipka-box.sk\/wp-content\/uploads\/2025\/11\/Screenshot_20251125_182544_Studio-1024x752.jpg\" alt=\"\" class=\"wp-image-1276\" srcset=\"https:\/\/www.lipka-box.sk\/wp-content\/uploads\/2025\/11\/Screenshot_20251125_182544_Studio-1024x752.jpg 1024w, https:\/\/www.lipka-box.sk\/wp-content\/uploads\/2025\/11\/Screenshot_20251125_182544_Studio-300x220.jpg 300w, https:\/\/www.lipka-box.sk\/wp-content\/uploads\/2025\/11\/Screenshot_20251125_182544_Studio-768x564.jpg 768w, https:\/\/www.lipka-box.sk\/wp-content\/uploads\/2025\/11\/Screenshot_20251125_182544_Studio-1536x1129.jpg 1536w, https:\/\/www.lipka-box.sk\/wp-content\/uploads\/2025\/11\/Screenshot_20251125_182544_Studio-2048x1505.jpg 2048w, https:\/\/www.lipka-box.sk\/wp-content\/uploads\/2025\/11\/Screenshot_20251125_182544_Studio-2000x1470.jpg 2000w\" sizes=\"auto, (max-width: 1024px) 100vw, 1024px\" \/><\/figure>\n<\/figure>\n","protected":false},"excerpt":{"rendered":"<p>Dostupn\u00e9 na rezerv\u00e1ciu &#8211; Available for reservation D\u00e1tum narodenia: 13.11.2025 zlat\u00fd pes:4x biely pes: 1x zlat\u00e1 fenka: 2x Dostupn\u00e9 na rezerv\u00e1ciu &#8211; Available for reservation<\/p>\n","protected":false},"author":1,"featured_media":0,"parent":0,"menu_order":0,"comment_status":"closed","ping_status":"closed","template":"","meta":{"footnotes":""},"class_list":["post-1196","page","type-page","status-publish","hentry"],"_links":{"self":[{"href":"https:\/\/www.lipka-box.sk\/index.php?rest_route=\/wp\/v2\/pages\/1196","targetHints":{"allow":["GET"]}}],"collection":[{"href":"https:\/\/www.lipka-box.sk\/index.php?rest_route=\/wp\/v2\/pages"}],"about":[{"href":"https:\/\/www.lipka-box.sk\/index.php?rest_route=\/wp\/v2\/types\/page"}],"author":[{"embeddable":true,"href":"https:\/\/www.lipka-box.sk\/index.php?rest_route=\/wp\/v2\/users\/1"}],"replies":[{"embeddable":true,"href":"https:\/\/www.lipka-box.sk\/index.php?rest_route=%2Fwp%2Fv2%2Fcomments&post=1196"}],"version-history":[{"count":8,"href":"https:\/\/www.lipka-box.sk\/index.php?rest_route=\/wp\/v2\/pages\/1196\/revisions"}],"predecessor-version":[{"id":1291,"href":"https:\/\/www.lipka-box.sk\/index.php?rest_route=\/wp\/v2\/pages\/1196\/revisions\/1291"}],"wp:attachment":[{"href":"https:\/\/www.lipka-box.sk\/index.php?rest_route=%2Fwp%2Fv2%2Fmedia&parent=1196"}],"curies":[{"name":"wp","href":"https:\/\/api.w.org\/{rel}","templated":true}]}}