{"id":1212,"date":"2025-10-16T12:29:28","date_gmt":"2025-10-16T12:29:28","guid":{"rendered":"https:\/\/www.lipka-box.sk\/?page_id=1212"},"modified":"2026-03-30T13:48:13","modified_gmt":"2026-03-30T13:48:13","slug":"bonduella","status":"publish","type":"page","link":"https:\/\/www.lipka-box.sk\/?page_id=1212","title":{"rendered":"Bondu\u00b4Ella"},"content":{"rendered":"\n<p class=\"has-text-align-center\"><strong><mark style=\"background-color:rgba(0, 0, 0, 0)\" class=\"has-inline-color has-vivid-red-color\">D\u0148a 21.3.2026 sme s Bondi\u010dkou \u00faspe\u0161ne zlo\u017eili sk\u00fa\u0161ku IGP1 <\/mark><\/strong><\/p>\n\n\n\n<figure class=\"wp-block-image size-large\"><img loading=\"lazy\" decoding=\"async\" width=\"1024\" height=\"681\" src=\"https:\/\/www.lipka-box.sk\/wp-content\/uploads\/2025\/10\/bonda-letacik1-1024x681.png\" alt=\"\" class=\"wp-image-1233\" srcset=\"https:\/\/www.lipka-box.sk\/wp-content\/uploads\/2025\/10\/bonda-letacik1-1024x681.png 1024w, https:\/\/www.lipka-box.sk\/wp-content\/uploads\/2025\/10\/bonda-letacik1-300x199.png 300w, https:\/\/www.lipka-box.sk\/wp-content\/uploads\/2025\/10\/bonda-letacik1-768x511.png 768w, https:\/\/www.lipka-box.sk\/wp-content\/uploads\/2025\/10\/bonda-letacik1.png 1337w\" sizes=\"auto, (max-width: 1024px) 100vw, 1024px\" \/><\/figure>\n\n\n\n<h2 class=\"wp-block-heading\">Rodokme\u0148<\/h2>\n\n\n\n<figure class=\"wp-block-gallery has-nested-images columns-default is-cropped wp-block-gallery-1 is-layout-flex wp-block-gallery-is-layout-flex\">\n<figure class=\"wp-block-image size-large\"><img loading=\"lazy\" decoding=\"async\" width=\"897\" height=\"635\" data-id=\"1237\" src=\"https:\/\/www.lipka-box.sk\/wp-content\/uploads\/2025\/10\/bonda-jpg.png\" alt=\"\" class=\"wp-image-1237\" srcset=\"https:\/\/www.lipka-box.sk\/wp-content\/uploads\/2025\/10\/bonda-jpg.png 897w, https:\/\/www.lipka-box.sk\/wp-content\/uploads\/2025\/10\/bonda-jpg-300x212.png 300w, https:\/\/www.lipka-box.sk\/wp-content\/uploads\/2025\/10\/bonda-jpg-768x544.png 768w\" sizes=\"auto, (max-width: 897px) 100vw, 897px\" \/><\/figure>\n\n\n\n<figure class=\"wp-block-image size-large\"><img loading=\"lazy\" decoding=\"async\" width=\"894\" height=\"645\" data-id=\"1238\" src=\"https:\/\/www.lipka-box.sk\/wp-content\/uploads\/2025\/10\/bonda2.png\" alt=\"\" class=\"wp-image-1238\" srcset=\"https:\/\/www.lipka-box.sk\/wp-content\/uploads\/2025\/10\/bonda2.png 894w, https:\/\/www.lipka-box.sk\/wp-content\/uploads\/2025\/10\/bonda2-300x216.png 300w, https:\/\/www.lipka-box.sk\/wp-content\/uploads\/2025\/10\/bonda2-768x554.png 768w\" sizes=\"auto, (max-width: 894px) 100vw, 894px\" \/><\/figure>\n<\/figure>\n\n\n\n<h2 class=\"wp-block-heading\">Zdravotn\u00e9 v\u00fdsledky<\/h2>\n\n\n\n<figure class=\"wp-block-gallery has-nested-images columns-default is-cropped wp-block-gallery-2 is-layout-flex wp-block-gallery-is-layout-flex\">\n<figure class=\"wp-block-image size-large\"><img loading=\"lazy\" decoding=\"async\" width=\"726\" height=\"1024\" data-id=\"1240\" src=\"https:\/\/www.lipka-box.sk\/wp-content\/uploads\/2025\/10\/ed-lakte-726x1024.png\" alt=\"\" class=\"wp-image-1240\" srcset=\"https:\/\/www.lipka-box.sk\/wp-content\/uploads\/2025\/10\/ed-lakte-726x1024.png 726w, https:\/\/www.lipka-box.sk\/wp-content\/uploads\/2025\/10\/ed-lakte-213x300.png 213w, https:\/\/www.lipka-box.sk\/wp-content\/uploads\/2025\/10\/ed-lakte.png 757w\" sizes=\"auto, (max-width: 726px) 100vw, 726px\" \/><\/figure>\n\n\n\n<figure class=\"wp-block-image size-large\"><img loading=\"lazy\" decoding=\"async\" width=\"730\" height=\"1024\" data-id=\"1243\" src=\"https:\/\/www.lipka-box.sk\/wp-content\/uploads\/2025\/10\/HD-bedra-730x1024.png\" alt=\"\" class=\"wp-image-1243\" srcset=\"https:\/\/www.lipka-box.sk\/wp-content\/uploads\/2025\/10\/HD-bedra-730x1024.png 730w, https:\/\/www.lipka-box.sk\/wp-content\/uploads\/2025\/10\/HD-bedra-214x300.png 214w, https:\/\/www.lipka-box.sk\/wp-content\/uploads\/2025\/10\/HD-bedra.png 765w\" sizes=\"auto, (max-width: 730px) 100vw, 730px\" \/><\/figure>\n\n\n\n<figure class=\"wp-block-image size-large\"><img loading=\"lazy\" decoding=\"async\" width=\"725\" height=\"1024\" data-id=\"1244\" src=\"https:\/\/www.lipka-box.sk\/wp-content\/uploads\/2025\/10\/sponda-725x1024.png\" alt=\"\" class=\"wp-image-1244\" srcset=\"https:\/\/www.lipka-box.sk\/wp-content\/uploads\/2025\/10\/sponda-725x1024.png 725w, https:\/\/www.lipka-box.sk\/wp-content\/uploads\/2025\/10\/sponda-213x300.png 213w, https:\/\/www.lipka-box.sk\/wp-content\/uploads\/2025\/10\/sponda.png 768w\" sizes=\"auto, (max-width: 725px) 100vw, 725px\" \/><\/figure>\n<\/figure>\n\n\n\n<div class=\"wp-block-media-text is-stacked-on-mobile\"><figure class=\"wp-block-media-text__media\"><img loading=\"lazy\" decoding=\"async\" width=\"745\" height=\"1024\" src=\"https:\/\/www.lipka-box.sk\/wp-content\/uploads\/2025\/10\/cardio-Bonda-745x1024.png\" alt=\"\" class=\"wp-image-1246 size-full\" srcset=\"https:\/\/www.lipka-box.sk\/wp-content\/uploads\/2025\/10\/cardio-Bonda-745x1024.png 745w, https:\/\/www.lipka-box.sk\/wp-content\/uploads\/2025\/10\/cardio-Bonda-218x300.png 218w, https:\/\/www.lipka-box.sk\/wp-content\/uploads\/2025\/10\/cardio-Bonda-768x1056.png 768w, https:\/\/www.lipka-box.sk\/wp-content\/uploads\/2025\/10\/cardio-Bonda-1117x1536.png 1117w, https:\/\/www.lipka-box.sk\/wp-content\/uploads\/2025\/10\/cardio-Bonda-1489x2048.png 1489w, https:\/\/www.lipka-box.sk\/wp-content\/uploads\/2025\/10\/cardio-Bonda.png 1700w\" sizes=\"auto, (max-width: 745px) 100vw, 745px\" \/><\/figure><div class=\"wp-block-media-text__content\">\n<p><\/p>\n<\/div><\/div>\n\n\n\n<h2 class=\"wp-block-heading\">Sk\u00fa\u0161ky<\/h2>\n\n\n\n<figure class=\"wp-block-gallery has-nested-images columns-default is-cropped wp-block-gallery-3 is-layout-flex wp-block-gallery-is-layout-flex\">\n<figure class=\"wp-block-image size-large\"><img loading=\"lazy\" decoding=\"async\" width=\"618\" height=\"898\" data-id=\"1247\" src=\"https:\/\/www.lipka-box.sk\/wp-content\/uploads\/2025\/10\/BH-VT.png\" alt=\"\" class=\"wp-image-1247\" srcset=\"https:\/\/www.lipka-box.sk\/wp-content\/uploads\/2025\/10\/BH-VT.png 618w, https:\/\/www.lipka-box.sk\/wp-content\/uploads\/2025\/10\/BH-VT-206x300.png 206w\" sizes=\"auto, (max-width: 618px) 100vw, 618px\" \/><\/figure>\n\n\n\n<figure class=\"wp-block-image size-large\"><img loading=\"lazy\" decoding=\"async\" width=\"627\" height=\"895\" data-id=\"1248\" src=\"https:\/\/www.lipka-box.sk\/wp-content\/uploads\/2025\/10\/OBZ-A-1.png\" alt=\"\" class=\"wp-image-1248\" srcset=\"https:\/\/www.lipka-box.sk\/wp-content\/uploads\/2025\/10\/OBZ-A-1.png 627w, https:\/\/www.lipka-box.sk\/wp-content\/uploads\/2025\/10\/OBZ-A-1-210x300.png 210w\" sizes=\"auto, (max-width: 627px) 100vw, 627px\" \/><\/figure>\n<\/figure>\n\n\n\n<h2 class=\"wp-block-heading\">V\u00fdstavy<\/h2>\n\n\n\n<div class=\"wp-block-media-text is-stacked-on-mobile\" style=\"grid-template-columns:42% auto\"><figure class=\"wp-block-media-text__media\"><img loading=\"lazy\" decoding=\"async\" width=\"1024\" height=\"814\" src=\"https:\/\/www.lipka-box.sk\/wp-content\/uploads\/2025\/10\/BONDA-TELO-1024x814.jpg\" alt=\"\" class=\"wp-image-1250 size-full\" srcset=\"https:\/\/www.lipka-box.sk\/wp-content\/uploads\/2025\/10\/BONDA-TELO-1024x814.jpg 1024w, https:\/\/www.lipka-box.sk\/wp-content\/uploads\/2025\/10\/BONDA-TELO-300x239.jpg 300w, https:\/\/www.lipka-box.sk\/wp-content\/uploads\/2025\/10\/BONDA-TELO-768x611.jpg 768w, https:\/\/www.lipka-box.sk\/wp-content\/uploads\/2025\/10\/BONDA-TELO-1536x1222.jpg 1536w, https:\/\/www.lipka-box.sk\/wp-content\/uploads\/2025\/10\/BONDA-TELO.jpg 1916w\" sizes=\"auto, (max-width: 1024px) 100vw, 1024px\" \/><\/figure><div class=\"wp-block-media-text__content\">\n<p>Slovensk\u00fd \u0161ampi\u00f3n \u0161teniat 2023<\/p>\n\n\n\n<p>BOXER SPECIALITY Holandsko 2024 junior -EXC.<\/p>\n\n\n\n<p>ATIBOX Holandsko 2024  -class junior &#8211; EXC.<\/p>\n\n\n\n<p>ATIBOX \u010cR 2025-class intermediate-EXC.<\/p>\n<\/div><\/div>\n","protected":false},"excerpt":{"rendered":"<p>D\u0148a 21.3.2026 sme s Bondi\u010dkou \u00faspe\u0161ne zlo\u017eili sk\u00fa\u0161ku IGP1 Rodokme\u0148 Zdravotn\u00e9 v\u00fdsledky Sk\u00fa\u0161ky V\u00fdstavy Slovensk\u00fd \u0161ampi\u00f3n \u0161teniat 2023 BOXER SPECIALITY Holandsko 2024 junior -EXC. ATIBOX Holandsko 2024 -class junior &#8211; EXC. ATIBOX \u010cR 2025-class intermediate-EXC.<\/p>\n","protected":false},"author":1,"featured_media":0,"parent":0,"menu_order":0,"comment_status":"closed","ping_status":"closed","template":"","meta":{"footnotes":""},"class_list":["post-1212","page","type-page","status-publish","hentry"],"_links":{"self":[{"href":"https:\/\/www.lipka-box.sk\/index.php?rest_route=\/wp\/v2\/pages\/1212","targetHints":{"allow":["GET"]}}],"collection":[{"href":"https:\/\/www.lipka-box.sk\/index.php?rest_route=\/wp\/v2\/pages"}],"about":[{"href":"https:\/\/www.lipka-box.sk\/index.php?rest_route=\/wp\/v2\/types\/page"}],"author":[{"embeddable":true,"href":"https:\/\/www.lipka-box.sk\/index.php?rest_route=\/wp\/v2\/users\/1"}],"replies":[{"embeddable":true,"href":"https:\/\/www.lipka-box.sk\/index.php?rest_route=%2Fwp%2Fv2%2Fcomments&post=1212"}],"version-history":[{"count":5,"href":"https:\/\/www.lipka-box.sk\/index.php?rest_route=\/wp\/v2\/pages\/1212\/revisions"}],"predecessor-version":[{"id":1293,"href":"https:\/\/www.lipka-box.sk\/index.php?rest_route=\/wp\/v2\/pages\/1212\/revisions\/1293"}],"wp:attachment":[{"href":"https:\/\/www.lipka-box.sk\/index.php?rest_route=%2Fwp%2Fv2%2Fmedia&parent=1212"}],"curies":[{"name":"wp","href":"https:\/\/api.w.org\/{rel}","templated":true}]}}