{"id":231,"date":"2023-03-30T10:45:20","date_gmt":"2023-03-30T10:45:20","guid":{"rendered":"https:\/\/www.lipka-box.sk\/?page_id=231"},"modified":"2023-06-23T10:17:42","modified_gmt":"2023-06-23T10:17:42","slug":"chovatelska-stanica-nemeckych-boxerov","status":"publish","type":"page","link":"https:\/\/www.lipka-box.sk\/?page_id=231","title":{"rendered":"Chr\u00e1nen\u00fd n\u00e1zov registrovan\u00e9ho chovu nemeck\u00fdch       boxerov (FCI kennel)"},"content":{"rendered":"\n<div class=\"wp-block-media-text alignwide has-media-on-the-right is-stacked-on-mobile is-vertically-aligned-center\" style=\"grid-template-columns:auto 26%\"><div class=\"wp-block-media-text__content\">\n<p><\/p>\n\n\n\n<figure class=\"wp-block-image alignwide size-full\"><img loading=\"lazy\" decoding=\"async\" width=\"600\" height=\"427\" src=\"http:\/\/www.lipka-box.sk\/wp-content\/uploads\/2023\/03\/chovka-7.png\" alt=\"\" class=\"wp-image-232\" srcset=\"https:\/\/www.lipka-box.sk\/wp-content\/uploads\/2023\/03\/chovka-7.png 600w, https:\/\/www.lipka-box.sk\/wp-content\/uploads\/2023\/03\/chovka-7-300x214.png 300w\" sizes=\"auto, (max-width: 600px) 100vw, 600px\" \/><\/figure>\n<\/div><figure class=\"wp-block-media-text__media\"><video controls src=\"https:\/\/www.lipka-box.sk\/wp-content\/uploads\/2023\/04\/lv_0_20230416170711.mp4\"><\/video><\/figure><\/div>\n","protected":false},"excerpt":{"rendered":"","protected":false},"author":1,"featured_media":0,"parent":0,"menu_order":0,"comment_status":"closed","ping_status":"closed","template":"","meta":{"footnotes":""},"class_list":["post-231","page","type-page","status-publish","hentry"],"_links":{"self":[{"href":"https:\/\/www.lipka-box.sk\/index.php?rest_route=\/wp\/v2\/pages\/231","targetHints":{"allow":["GET"]}}],"collection":[{"href":"https:\/\/www.lipka-box.sk\/index.php?rest_route=\/wp\/v2\/pages"}],"about":[{"href":"https:\/\/www.lipka-box.sk\/index.php?rest_route=\/wp\/v2\/types\/page"}],"author":[{"embeddable":true,"href":"https:\/\/www.lipka-box.sk\/index.php?rest_route=\/wp\/v2\/users\/1"}],"replies":[{"embeddable":true,"href":"https:\/\/www.lipka-box.sk\/index.php?rest_route=%2Fwp%2Fv2%2Fcomments&post=231"}],"version-history":[{"count":15,"href":"https:\/\/www.lipka-box.sk\/index.php?rest_route=\/wp\/v2\/pages\/231\/revisions"}],"predecessor-version":[{"id":982,"href":"https:\/\/www.lipka-box.sk\/index.php?rest_route=\/wp\/v2\/pages\/231\/revisions\/982"}],"wp:attachment":[{"href":"https:\/\/www.lipka-box.sk\/index.php?rest_route=%2Fwp%2Fv2%2Fmedia&parent=231"}],"curies":[{"name":"wp","href":"https:\/\/api.w.org\/{rel}","templated":true}]}}