{"id":239,"date":"2023-03-30T10:52:32","date_gmt":"2023-03-30T10:52:32","guid":{"rendered":"https:\/\/www.lipka-box.sk\/?page_id=239"},"modified":"2023-06-23T10:27:48","modified_gmt":"2023-06-23T10:27:48","slug":"kontakt","status":"publish","type":"page","link":"https:\/\/www.lipka-box.sk\/?page_id=239","title":{"rendered":"Kontakt"},"content":{"rendered":"\n<div class=\"wp-block-media-text alignwide has-media-on-the-right is-stacked-on-mobile is-vertically-aligned-center\" style=\"grid-template-columns:auto 34%\"><div class=\"wp-block-media-text__content\">\n<h2 class=\"wp-block-heading\">Chovate\u013e:<\/h2>\n\n\n\n<p><mark style=\"background-color:rgba(0, 0, 0, 0)\" class=\"has-inline-color has-luminous-vivid-orange-color\">Lipkov\u00e1 Andrea<\/mark><\/p>\n\n\n\n<p><mark style=\"background-color:rgba(0, 0, 0, 0)\" class=\"has-inline-color has-luminous-vivid-orange-color\">tel: +0421 911 769 096<\/mark><\/p>\n\n\n\n<p>mail: <a href=\"mailto:ethernityvanbox@gmail.com\">ethernityvanbox@gmail.com<\/a><\/p>\n\n\n\n<p>FB:&nbsp;<a rel=\"noreferrer noopener\" href=\"https:\/\/www.facebook.com\/profile.php?id=100085642360999\" target=\"_blank\">Lipka-Box<\/a><\/p>\n\n\n\n<p><\/p>\n\n\n\n<p><strong>Adresa<\/strong><\/p>\n\n\n\n<p><mark style=\"background-color:rgba(0, 0, 0, 0)\" class=\"has-inline-color has-luminous-vivid-orange-color\">\u0160portov\u00e1 \u010d.300<\/mark><\/p>\n\n\n\n<p><mark style=\"background-color:rgba(0, 0, 0, 0)\" class=\"has-inline-color has-luminous-vivid-orange-color\">900 83 \u010cataj<\/mark><\/p>\n\n\n\n<p><mark style=\"background-color:rgba(0, 0, 0, 0)\" class=\"has-inline-color has-luminous-vivid-orange-color\">Slovensko<\/mark><\/p>\n<\/div><figure class=\"wp-block-media-text__media\"><img loading=\"lazy\" decoding=\"async\" width=\"444\" height=\"491\" src=\"https:\/\/www.lipka-box.sk\/wp-content\/uploads\/2023\/06\/fci-kennel.png\" alt=\"\" class=\"wp-image-984 size-full\" srcset=\"https:\/\/www.lipka-box.sk\/wp-content\/uploads\/2023\/06\/fci-kennel.png 444w, https:\/\/www.lipka-box.sk\/wp-content\/uploads\/2023\/06\/fci-kennel-271x300.png 271w\" sizes=\"auto, (max-width: 444px) 100vw, 444px\" \/><\/figure><\/div>\n\n\n\n<div class=\"wp-block-media-text alignwide is-stacked-on-mobile\"><figure class=\"wp-block-media-text__media\"><\/figure><div class=\"wp-block-media-text__content\">\n<p><\/p>\n\n\n\n<a href=\"https:\/\/www.toplist.sk\"><script language=\"JavaScript\" type=\"text\/javascript\" charset=\"utf-8\">\n<!--\ndocument.write('<img loading=\"lazy\" decoding=\"async\" src=\"https:\/\/toplist.sk\/count.asp?id=1274802&logo=mc&http='+\nencodeURIComponent(document.referrer)+'&t='+encodeURIComponent(document.title)+'&l='+encodeURIComponent(document.URL)+\n'&wi='+encodeURIComponent(window.screen.width)+'&he='+encodeURIComponent(window.screen.height)+'&cd='+\nencodeURIComponent(window.screen.colorDepth)+'\" width=\"88\" height=\"60\" border=0 alt=\"TOPlist\" \/>');\n\/\/--><\/script><noscript><img loading=\"lazy\" decoding=\"async\" src=\"https:\/\/toplist.sk\/count.asp?id=1274802&#038;logo=mc&#038;njs=1\" border=\"0\"\nalt=\"TOPlist\" width=\"88\" height=\"60\" \/><\/noscript><\/a>\n<\/div><\/div>\n","protected":false},"excerpt":{"rendered":"<p>Chovate\u013e: Lipkov\u00e1 Andrea tel: +0421 911 769 096 mail: ethernityvanbox@gmail.com FB:&nbsp;Lipka-Box Adresa \u0160portov\u00e1 \u010d.300 900 83 \u010cataj Slovensko<\/p>\n","protected":false},"author":1,"featured_media":0,"parent":0,"menu_order":0,"comment_status":"closed","ping_status":"closed","template":"","meta":{"footnotes":""},"class_list":["post-239","page","type-page","status-publish","hentry"],"_links":{"self":[{"href":"https:\/\/www.lipka-box.sk\/index.php?rest_route=\/wp\/v2\/pages\/239","targetHints":{"allow":["GET"]}}],"collection":[{"href":"https:\/\/www.lipka-box.sk\/index.php?rest_route=\/wp\/v2\/pages"}],"about":[{"href":"https:\/\/www.lipka-box.sk\/index.php?rest_route=\/wp\/v2\/types\/page"}],"author":[{"embeddable":true,"href":"https:\/\/www.lipka-box.sk\/index.php?rest_route=\/wp\/v2\/users\/1"}],"replies":[{"embeddable":true,"href":"https:\/\/www.lipka-box.sk\/index.php?rest_route=%2Fwp%2Fv2%2Fcomments&post=239"}],"version-history":[{"count":13,"href":"https:\/\/www.lipka-box.sk\/index.php?rest_route=\/wp\/v2\/pages\/239\/revisions"}],"predecessor-version":[{"id":985,"href":"https:\/\/www.lipka-box.sk\/index.php?rest_route=\/wp\/v2\/pages\/239\/revisions\/985"}],"wp:attachment":[{"href":"https:\/\/www.lipka-box.sk\/index.php?rest_route=%2Fwp%2Fv2%2Fmedia&parent=239"}],"curies":[{"name":"wp","href":"https:\/\/api.w.org\/{rel}","templated":true}]}}