{"id":54,"date":"2023-03-14T12:59:39","date_gmt":"2023-03-14T12:59:39","guid":{"rendered":"https:\/\/www.lipka-box.sk\/?page_id=54"},"modified":"2023-08-03T10:23:56","modified_gmt":"2023-08-03T10:23:56","slug":"vystavne-uspechy","status":"publish","type":"page","link":"https:\/\/www.lipka-box.sk\/?page_id=54","title":{"rendered":"V\u00fdstavn\u00e9 \u00faspechy"},"content":{"rendered":"\n<figure class=\"wp-block-gallery has-nested-images columns-default is-cropped wp-block-gallery-1 is-layout-flex wp-block-gallery-is-layout-flex\">\n<figure class=\"wp-block-image size-large\"><img loading=\"lazy\" decoding=\"async\" width=\"768\" height=\"1024\" data-id=\"965\" src=\"https:\/\/www.lipka-box.sk\/wp-content\/uploads\/2023\/05\/lucenec-768x1024.jpg\" alt=\"\" class=\"wp-image-965\" srcset=\"https:\/\/www.lipka-box.sk\/wp-content\/uploads\/2023\/05\/lucenec-768x1024.jpg 768w, https:\/\/www.lipka-box.sk\/wp-content\/uploads\/2023\/05\/lucenec-225x300.jpg 225w, https:\/\/www.lipka-box.sk\/wp-content\/uploads\/2023\/05\/lucenec-1152x1536.jpg 1152w, https:\/\/www.lipka-box.sk\/wp-content\/uploads\/2023\/05\/lucenec.jpg 1200w\" sizes=\"auto, (max-width: 768px) 100vw, 768px\" \/><\/figure>\n\n\n\n<figure class=\"wp-block-image size-large\"><img loading=\"lazy\" decoding=\"async\" width=\"1024\" height=\"768\" data-id=\"964\" src=\"https:\/\/www.lipka-box.sk\/wp-content\/uploads\/2023\/05\/IMG-20230528-WA0043-1-1024x768.jpg\" alt=\"\" class=\"wp-image-964\" srcset=\"https:\/\/www.lipka-box.sk\/wp-content\/uploads\/2023\/05\/IMG-20230528-WA0043-1-1024x768.jpg 1024w, https:\/\/www.lipka-box.sk\/wp-content\/uploads\/2023\/05\/IMG-20230528-WA0043-1-300x225.jpg 300w, https:\/\/www.lipka-box.sk\/wp-content\/uploads\/2023\/05\/IMG-20230528-WA0043-1-768x576.jpg 768w, https:\/\/www.lipka-box.sk\/wp-content\/uploads\/2023\/05\/IMG-20230528-WA0043-1-1536x1152.jpg 1536w, https:\/\/www.lipka-box.sk\/wp-content\/uploads\/2023\/05\/IMG-20230528-WA0043-1-2000x1500.jpg 2000w, https:\/\/www.lipka-box.sk\/wp-content\/uploads\/2023\/05\/IMG-20230528-WA0043-1.jpg 2016w\" sizes=\"auto, (max-width: 1024px) 100vw, 1024px\" \/><\/figure>\n<\/figure>\n\n\n\n<h2 class=\"wp-block-heading\">Ethetnity Vanbox<\/h2>\n\n\n\n<figure class=\"wp-block-gallery has-nested-images columns-default is-cropped wp-block-gallery-2 is-layout-flex wp-block-gallery-is-layout-flex\">\n<figure class=\"wp-block-image size-large\"><img loading=\"lazy\" decoding=\"async\" width=\"720\" height=\"960\" data-id=\"249\" src=\"https:\/\/www.lipka-box.sk\/wp-content\/uploads\/2023\/03\/302154972-5698665343519387-7536950160808316502-n.jpg\" alt=\"\" class=\"wp-image-249\" srcset=\"https:\/\/www.lipka-box.sk\/wp-content\/uploads\/2023\/03\/302154972-5698665343519387-7536950160808316502-n.jpg 720w, https:\/\/www.lipka-box.sk\/wp-content\/uploads\/2023\/03\/302154972-5698665343519387-7536950160808316502-n-225x300.jpg 225w\" sizes=\"auto, (max-width: 720px) 100vw, 720px\" \/><\/figure>\n\n\n\n<figure class=\"wp-block-image size-large\"><img loading=\"lazy\" decoding=\"async\" width=\"262\" height=\"349\" data-id=\"252\" src=\"https:\/\/www.lipka-box.sk\/wp-content\/uploads\/2023\/03\/302655956-5698666833519238-7020003095071500921-n.jpg\" alt=\"\" class=\"wp-image-252\" srcset=\"https:\/\/www.lipka-box.sk\/wp-content\/uploads\/2023\/03\/302655956-5698666833519238-7020003095071500921-n.jpg 262w, https:\/\/www.lipka-box.sk\/wp-content\/uploads\/2023\/03\/302655956-5698666833519238-7020003095071500921-n-225x300.jpg 225w\" sizes=\"auto, (max-width: 262px) 100vw, 262px\" \/><\/figure>\n\n\n\n<figure class=\"wp-block-image size-large\"><img loading=\"lazy\" decoding=\"async\" width=\"220\" height=\"293\" data-id=\"336\" src=\"https:\/\/www.lipka-box.sk\/wp-content\/uploads\/2023\/03\/stredoeuropska-vystava-kromeriz-2022-nita.jpg\" alt=\"\" class=\"wp-image-336\"\/><\/figure>\n\n\n\n<figure class=\"wp-block-image size-large\"><img loading=\"lazy\" decoding=\"async\" width=\"280\" height=\"210\" data-id=\"331\" src=\"https:\/\/www.lipka-box.sk\/wp-content\/uploads\/2023\/03\/img-20210926-125812-1.jpg\" alt=\"\" class=\"wp-image-331\"\/><\/figure>\n\n\n\n<figure class=\"wp-block-image size-large\"><img loading=\"lazy\" decoding=\"async\" width=\"160\" height=\"212\" data-id=\"330\" src=\"https:\/\/www.lipka-box.sk\/wp-content\/uploads\/2023\/03\/img-20211101-115801-1.jpg\" alt=\"\" class=\"wp-image-330\"\/><\/figure>\n\n\n\n<figure class=\"wp-block-image size-large\"><img loading=\"lazy\" decoding=\"async\" width=\"220\" height=\"284\" data-id=\"333\" src=\"https:\/\/www.lipka-box.sk\/wp-content\/uploads\/2023\/03\/open-slovakia-dog-cup-2021-3m.png\" alt=\"\" class=\"wp-image-333\"\/><\/figure>\n<\/figure>\n\n\n\n<figure class=\"wp-block-image size-full is-resized\"><img loading=\"lazy\" decoding=\"async\" src=\"http:\/\/www.lipka-box.sk\/wp-content\/uploads\/2023\/03\/slovensky-sampion-krasy-nita.png\" alt=\"\" class=\"wp-image-335\" width=\"443\" height=\"320\"\/><\/figure>\n\n\n\n<p><\/p>\n\n\n\n<p><\/p>\n\n\n\n<h2 class=\"wp-block-heading\">Enola Holmes Preslavva Civitas<\/h2>\n\n\n\n<div class=\"wp-block-columns is-layout-flex wp-container-core-columns-is-layout-9d6595d7 wp-block-columns-is-layout-flex\">\n<div class=\"wp-block-column is-layout-flow wp-block-column-is-layout-flow\" style=\"flex-basis:100%\">\n<figure class=\"wp-block-gallery has-nested-images columns-default is-cropped wp-block-gallery-3 is-layout-flex wp-block-gallery-is-layout-flex\">\n<figure class=\"wp-block-image size-large\"><img loading=\"lazy\" decoding=\"async\" width=\"691\" height=\"1024\" data-id=\"329\" src=\"https:\/\/www.lipka-box.sk\/wp-content\/uploads\/2023\/03\/enola1-2-691x1024.jpg\" alt=\"\" class=\"wp-image-329\" srcset=\"https:\/\/www.lipka-box.sk\/wp-content\/uploads\/2023\/03\/enola1-2-691x1024.jpg 691w, https:\/\/www.lipka-box.sk\/wp-content\/uploads\/2023\/03\/enola1-2-202x300.jpg 202w, https:\/\/www.lipka-box.sk\/wp-content\/uploads\/2023\/03\/enola1-2-768x1139.jpg 768w, https:\/\/www.lipka-box.sk\/wp-content\/uploads\/2023\/03\/enola1-2-1036x1536.jpg 1036w, https:\/\/www.lipka-box.sk\/wp-content\/uploads\/2023\/03\/enola1-2.jpg 1381w\" sizes=\"auto, (max-width: 691px) 100vw, 691px\" \/><\/figure>\n\n\n\n<figure class=\"wp-block-image size-large\"><img loading=\"lazy\" decoding=\"async\" width=\"280\" height=\"374\" data-id=\"350\" src=\"https:\/\/www.lipka-box.sk\/wp-content\/uploads\/2023\/03\/20230217-115729.jpg\" alt=\"\" class=\"wp-image-350\" srcset=\"https:\/\/www.lipka-box.sk\/wp-content\/uploads\/2023\/03\/20230217-115729.jpg 280w, https:\/\/www.lipka-box.sk\/wp-content\/uploads\/2023\/03\/20230217-115729-225x300.jpg 225w\" sizes=\"auto, (max-width: 280px) 100vw, 280px\" \/><\/figure>\n\n\n\n<figure class=\"wp-block-image size-large\"><img loading=\"lazy\" decoding=\"async\" width=\"200\" height=\"224\" data-id=\"349\" src=\"https:\/\/www.lipka-box.sk\/wp-content\/uploads\/2023\/03\/campionato-dell-ano-it-2022.jpg\" alt=\"\" class=\"wp-image-349\"\/><\/figure>\n\n\n\n<figure class=\"wp-block-image size-large\"><img loading=\"lazy\" decoding=\"async\" width=\"250\" height=\"333\" data-id=\"351\" src=\"https:\/\/www.lipka-box.sk\/wp-content\/uploads\/2023\/03\/20221125-1339370.jpg\" alt=\"\" class=\"wp-image-351\" srcset=\"https:\/\/www.lipka-box.sk\/wp-content\/uploads\/2023\/03\/20221125-1339370.jpg 250w, https:\/\/www.lipka-box.sk\/wp-content\/uploads\/2023\/03\/20221125-1339370-225x300.jpg 225w\" sizes=\"auto, (max-width: 250px) 100vw, 250px\" \/><\/figure>\n\n\n\n<figure class=\"wp-block-image size-large\"><img loading=\"lazy\" decoding=\"async\" width=\"220\" height=\"373\" data-id=\"352\" src=\"https:\/\/www.lipka-box.sk\/wp-content\/uploads\/2023\/03\/20230217-1559412023-03-11-10-35-24.jpg\" alt=\"\" class=\"wp-image-352\" srcset=\"https:\/\/www.lipka-box.sk\/wp-content\/uploads\/2023\/03\/20230217-1559412023-03-11-10-35-24.jpg 220w, https:\/\/www.lipka-box.sk\/wp-content\/uploads\/2023\/03\/20230217-1559412023-03-11-10-35-24-177x300.jpg 177w\" sizes=\"auto, (max-width: 220px) 100vw, 220px\" \/><\/figure>\n\n\n\n<figure class=\"wp-block-image size-large\"><img loading=\"lazy\" decoding=\"async\" width=\"230\" height=\"282\" data-id=\"356\" src=\"https:\/\/www.lipka-box.sk\/wp-content\/uploads\/2023\/03\/nitra-cacib.png\" alt=\"\" class=\"wp-image-356\"\/><\/figure>\n\n\n\n<figure class=\"wp-block-image size-large\"><img loading=\"lazy\" decoding=\"async\" width=\"230\" height=\"323\" data-id=\"355\" src=\"https:\/\/www.lipka-box.sk\/wp-content\/uploads\/2023\/03\/ba-winterdanube-cacib-27.11.22.png\" alt=\"\" class=\"wp-image-355\" srcset=\"https:\/\/www.lipka-box.sk\/wp-content\/uploads\/2023\/03\/ba-winterdanube-cacib-27.11.22.png 230w, https:\/\/www.lipka-box.sk\/wp-content\/uploads\/2023\/03\/ba-winterdanube-cacib-27.11.22-214x300.png 214w\" sizes=\"auto, (max-width: 230px) 100vw, 230px\" \/><\/figure>\n\n\n\n<figure class=\"wp-block-image size-large\"><img loading=\"lazy\" decoding=\"async\" width=\"230\" height=\"329\" data-id=\"354\" src=\"https:\/\/www.lipka-box.sk\/wp-content\/uploads\/2023\/03\/ba-winterdanube-cacib-26.11.22.png\" alt=\"\" class=\"wp-image-354\" srcset=\"https:\/\/www.lipka-box.sk\/wp-content\/uploads\/2023\/03\/ba-winterdanube-cacib-26.11.22.png 230w, https:\/\/www.lipka-box.sk\/wp-content\/uploads\/2023\/03\/ba-winterdanube-cacib-26.11.22-210x300.png 210w\" sizes=\"auto, (max-width: 230px) 100vw, 230px\" \/><\/figure>\n\n\n\n<figure class=\"wp-block-image size-large\"><img loading=\"lazy\" decoding=\"async\" width=\"230\" height=\"326\" data-id=\"353\" src=\"https:\/\/www.lipka-box.sk\/wp-content\/uploads\/2023\/03\/ba-winterdanube-cacib-25.11.22.png\" alt=\"\" class=\"wp-image-353\" srcset=\"https:\/\/www.lipka-box.sk\/wp-content\/uploads\/2023\/03\/ba-winterdanube-cacib-25.11.22.png 230w, https:\/\/www.lipka-box.sk\/wp-content\/uploads\/2023\/03\/ba-winterdanube-cacib-25.11.22-212x300.png 212w\" sizes=\"auto, (max-width: 230px) 100vw, 230px\" \/><\/figure>\n<\/figure>\n<\/div>\n<\/div>\n\n\n\n<figure class=\"wp-block-image size-full is-resized\"><img loading=\"lazy\" decoding=\"async\" src=\"http:\/\/www.lipka-box.sk\/wp-content\/uploads\/2023\/03\/bez-nazvu.png\" alt=\"\" class=\"wp-image-348\" width=\"527\" height=\"375\"\/><\/figure>\n\n\n\n<div class=\"wp-block-media-text alignwide is-stacked-on-mobile\" style=\"grid-template-columns:42% auto\"><figure class=\"wp-block-media-text__media\"><img loading=\"lazy\" decoding=\"async\" width=\"768\" height=\"1024\" src=\"https:\/\/www.lipka-box.sk\/wp-content\/uploads\/2023\/05\/IMG-20230514-WA0038-768x1024.jpg\" alt=\"\" class=\"wp-image-854 size-full\" srcset=\"https:\/\/www.lipka-box.sk\/wp-content\/uploads\/2023\/05\/IMG-20230514-WA0038-768x1024.jpg 768w, https:\/\/www.lipka-box.sk\/wp-content\/uploads\/2023\/05\/IMG-20230514-WA0038-225x300.jpg 225w, https:\/\/www.lipka-box.sk\/wp-content\/uploads\/2023\/05\/IMG-20230514-WA0038-1152x1536.jpg 1152w, https:\/\/www.lipka-box.sk\/wp-content\/uploads\/2023\/05\/IMG-20230514-WA0038.jpg 1200w\" sizes=\"auto, (max-width: 768px) 100vw, 768px\" \/><\/figure><div class=\"wp-block-media-text__content\">\n<p> IDS Lu\u010denec<\/p>\n\n\n\n<p>13.5.2023<\/p>\n\n\n\n<p><strong>Exc.1<img loading=\"lazy\" decoding=\"async\" src=\"https:\/\/static.xx.fbcdn.net\/images\/emoji.php\/v9\/ted\/1.5\/16\/1f947.png\" alt=\"\ud83e\udd47\" width=\"16\" height=\"16\">,CAJC<img loading=\"lazy\" decoding=\"async\" src=\"https:\/\/static.xx.fbcdn.net\/images\/emoji.php\/v9\/t17\/1.5\/16\/1f3c6.png\" alt=\"\ud83c\udfc6\" width=\"16\" height=\"16\">,junior CACIB <img loading=\"lazy\" decoding=\"async\" src=\"https:\/\/static.xx.fbcdn.net\/images\/emoji.php\/v9\/t17\/1.5\/16\/1f3c6.png\" alt=\"\ud83c\udfc6\" width=\"16\" height=\"16\">,Junior BOB<img loading=\"lazy\" decoding=\"async\" src=\"https:\/\/static.xx.fbcdn.net\/images\/emoji.php\/v9\/t17\/1.5\/16\/1f3c6.png\" alt=\"\ud83c\udfc6\" width=\"16\" height=\"16\">,BOS<\/strong><\/p>\n\n\n\n<p>Judge :Radv\u00e1nyi Tam\u00e1s<\/p>\n\n\n\n<p><\/p>\n\n\n\n<p>14.5.2023<\/p>\n\n\n\n<p><strong>Exc.1<img loading=\"lazy\" decoding=\"async\" src=\"https:\/\/static.xx.fbcdn.net\/images\/emoji.php\/v9\/ted\/1.5\/16\/1f947.png\" alt=\"\ud83e\udd47\" width=\"16\" height=\"16\">, CAJC<img loading=\"lazy\" decoding=\"async\" src=\"https:\/\/static.xx.fbcdn.net\/images\/emoji.php\/v9\/t17\/1.5\/16\/1f3c6.png\" alt=\"\ud83c\udfc6\" width=\"16\" height=\"16\"><\/strong><\/p>\n\n\n\n<p>Judge: Pettk\u00f3 Csaba, HU<\/p>\n\n\n\n<p><\/p>\n\n\n\n<p>Splnila podmienky pre udelenie <strong>Slovensk\u00fd \u0161ampi\u00f3n mlad\u00fdch <img loading=\"lazy\" decoding=\"async\" src=\"https:\/\/static.xx.fbcdn.net\/images\/emoji.php\/v9\/t17\/1.5\/16\/1f3c6.png\" alt=\"\ud83c\udfc6\" width=\"16\" height=\"16\"><\/strong><\/p>\n<\/div><\/div>\n\n\n\n<div class=\"wp-block-media-text alignwide is-stacked-on-mobile\"><figure class=\"wp-block-media-text__media\"><img loading=\"lazy\" decoding=\"async\" width=\"1024\" height=\"779\" src=\"https:\/\/www.lipka-box.sk\/wp-content\/uploads\/2023\/05\/20230529_092815-1024x779.jpg\" alt=\"\" class=\"wp-image-954 size-full\" srcset=\"https:\/\/www.lipka-box.sk\/wp-content\/uploads\/2023\/05\/20230529_092815-1024x779.jpg 1024w, https:\/\/www.lipka-box.sk\/wp-content\/uploads\/2023\/05\/20230529_092815-300x228.jpg 300w, https:\/\/www.lipka-box.sk\/wp-content\/uploads\/2023\/05\/20230529_092815-768x584.jpg 768w, https:\/\/www.lipka-box.sk\/wp-content\/uploads\/2023\/05\/20230529_092815-1536x1168.jpg 1536w, https:\/\/www.lipka-box.sk\/wp-content\/uploads\/2023\/05\/20230529_092815-2048x1558.jpg 2048w, https:\/\/www.lipka-box.sk\/wp-content\/uploads\/2023\/05\/20230529_092815-2000x1521.jpg 2000w\" sizes=\"auto, (max-width: 1024px) 100vw, 1024px\" \/><\/figure><div class=\"wp-block-media-text__content\">\n<p>   <strong><img loading=\"lazy\" decoding=\"async\" src=\"https:\/\/static.xx.fbcdn.net\/images\/emoji.php\/v9\/t17\/1.5\/16\/1f3c6.png\" alt=\"\ud83c\udfc6\" width=\"16\" height=\"16\"><\/strong> <strong>Slovensk\u00fd \u0161ampi\u00f3n mlad\u00fdch  <img loading=\"lazy\" decoding=\"async\" src=\"https:\/\/static.xx.fbcdn.net\/images\/emoji.php\/v9\/t17\/1.5\/16\/1f3c6.png\" alt=\"\ud83c\udfc6\" width=\"16\" height=\"16\"><\/strong><\/p>\n<\/div><\/div>\n\n\n\n<div class=\"wp-block-media-text alignwide has-media-on-the-right is-stacked-on-mobile\" style=\"grid-template-columns:auto 35%\"><div class=\"wp-block-media-text__content\">\n<p><img loading=\"lazy\" decoding=\"async\" src=\"https:\/\/static.xx.fbcdn.net\/images\/emoji.php\/v9\/t40\/1\/16\/1f4a5.png\" alt=\"\ud83d\udca5\" width=\"16\" height=\"16\"><strong>ATIBOX WORLD BOXER SHOW<\/strong> <img loading=\"lazy\" decoding=\"async\" src=\"https:\/\/static.xx.fbcdn.net\/images\/emoji.php\/v9\/t40\/1\/16\/1f4a5.png\" alt=\"\ud83d\udca5\" width=\"16\" height=\"16\"><\/p>\n\n\n\n<p>Bosna and Hercegovina SARAJEVO 27-28.5.2023<\/p>\n\n\n\n<p>ENOLA HOLMES PRESLAVVA CIVITAS<\/p>\n\n\n\n<p><a><\/a>Class:Junior 9-12m<\/p>\n\n\n\n<p><strong>IN FINAL<\/strong> <img loading=\"lazy\" decoding=\"async\" src=\"https:\/\/static.xx.fbcdn.net\/images\/emoji.php\/v9\/t8c\/1\/16\/1f389.png\" alt=\"\ud83c\udf89\" width=\"16\" height=\"16\"><img loading=\"lazy\" decoding=\"async\" src=\"https:\/\/static.xx.fbcdn.net\/images\/emoji.php\/v9\/t8c\/1\/16\/1f389.png\" alt=\"\ud83c\udf89\" width=\"16\" height=\"16\"><img loading=\"lazy\" decoding=\"async\" src=\"https:\/\/static.xx.fbcdn.net\/images\/emoji.php\/v9\/t8c\/1\/16\/1f389.png\" alt=\"\ud83c\udf89\" width=\"16\" height=\"16\"><\/p>\n\n\n\n<p><strong><mark style=\"background-color:rgba(0, 0, 0, 0)\" class=\"has-inline-color has-vivid-red-color\">3 PLACE<\/mark><\/strong> <img loading=\"lazy\" decoding=\"async\" src=\"https:\/\/static.xx.fbcdn.net\/images\/emoji.php\/v9\/t96\/1\/16\/1f949.png\" alt=\"\ud83e\udd49\" width=\"16\" height=\"16\"><img loading=\"lazy\" decoding=\"async\" src=\"https:\/\/static.xx.fbcdn.net\/images\/emoji.php\/v9\/tbe\/1\/16\/1f3c6.png\" alt=\"\ud83c\udfc6\" width=\"16\" height=\"16\"><\/p>\n\n\n\n<p>Judge:Milo\u0161 Lu\u010di\u0107 RS)<\/p>\n\n\n\n<figure class=\"wp-block-image size-large\"><img loading=\"lazy\" decoding=\"async\" width=\"768\" height=\"1024\" src=\"https:\/\/www.lipka-box.sk\/wp-content\/uploads\/2023\/05\/20230527_204345-1-768x1024.jpg\" alt=\"\" class=\"wp-image-957\" srcset=\"https:\/\/www.lipka-box.sk\/wp-content\/uploads\/2023\/05\/20230527_204345-1-768x1024.jpg 768w, https:\/\/www.lipka-box.sk\/wp-content\/uploads\/2023\/05\/20230527_204345-1-225x300.jpg 225w, https:\/\/www.lipka-box.sk\/wp-content\/uploads\/2023\/05\/20230527_204345-1-1152x1536.jpg 1152w, https:\/\/www.lipka-box.sk\/wp-content\/uploads\/2023\/05\/20230527_204345-1-1536x2048.jpg 1536w, https:\/\/www.lipka-box.sk\/wp-content\/uploads\/2023\/05\/20230527_204345-1-2000x2667.jpg 2000w, https:\/\/www.lipka-box.sk\/wp-content\/uploads\/2023\/05\/20230527_204345-1-scaled.jpg 1920w\" sizes=\"auto, (max-width: 768px) 100vw, 768px\" \/><\/figure>\n<\/div><figure class=\"wp-block-media-text__media\"><img loading=\"lazy\" decoding=\"async\" width=\"768\" height=\"1024\" src=\"https:\/\/www.lipka-box.sk\/wp-content\/uploads\/2023\/05\/20230527_200552-1-768x1024.jpg\" alt=\"\" class=\"wp-image-956 size-full\" srcset=\"https:\/\/www.lipka-box.sk\/wp-content\/uploads\/2023\/05\/20230527_200552-1-768x1024.jpg 768w, https:\/\/www.lipka-box.sk\/wp-content\/uploads\/2023\/05\/20230527_200552-1-225x300.jpg 225w, https:\/\/www.lipka-box.sk\/wp-content\/uploads\/2023\/05\/20230527_200552-1-1152x1536.jpg 1152w, https:\/\/www.lipka-box.sk\/wp-content\/uploads\/2023\/05\/20230527_200552-1-1536x2048.jpg 1536w, https:\/\/www.lipka-box.sk\/wp-content\/uploads\/2023\/05\/20230527_200552-1-2000x2667.jpg 2000w, https:\/\/www.lipka-box.sk\/wp-content\/uploads\/2023\/05\/20230527_200552-1-scaled.jpg 1920w\" sizes=\"auto, (max-width: 768px) 100vw, 768px\" \/><\/figure><\/div>\n\n\n\n<h2 class=\"wp-block-heading\"><img loading=\"lazy\" decoding=\"async\" width=\"16\" height=\"16\" src=\"https:\/\/static.xx.fbcdn.net\/images\/emoji.php\/v9\/tbe\/1\/16\/1f3c6.png\" alt=\"\ud83c\udfc6\"> <img loading=\"lazy\" decoding=\"async\" width=\"16\" height=\"16\" src=\"https:\/\/static.xx.fbcdn.net\/images\/emoji.php\/v9\/tbe\/1\/16\/1f3c6.png\" alt=\"\ud83c\udfc6\"> <img loading=\"lazy\" decoding=\"async\" width=\"16\" height=\"16\" src=\"https:\/\/static.xx.fbcdn.net\/images\/emoji.php\/v9\/tbe\/1\/16\/1f3c6.png\" alt=\"\ud83c\udfc6\"><strong><mark style=\"background-color:rgba(0, 0, 0, 0)\" class=\"has-inline-color has-vivid-red-color\">CROATIAN JUNIOR CHAMPION<\/mark><\/strong> <img loading=\"lazy\" decoding=\"async\" width=\"16\" height=\"16\" src=\"https:\/\/static.xx.fbcdn.net\/images\/emoji.php\/v9\/tbe\/1\/16\/1f3c6.png\" alt=\"\ud83c\udfc6\"><img loading=\"lazy\" decoding=\"async\" width=\"16\" height=\"16\" src=\"https:\/\/static.xx.fbcdn.net\/images\/emoji.php\/v9\/tbe\/1\/16\/1f3c6.png\" alt=\"\ud83c\udfc6\"><img loading=\"lazy\" decoding=\"async\" width=\"16\" height=\"16\" src=\"https:\/\/static.xx.fbcdn.net\/images\/emoji.php\/v9\/tbe\/1\/16\/1f3c6.png\" alt=\"\ud83c\udfc6\"><\/h2>\n\n\n\n<div class=\"wp-block-media-text alignwide is-stacked-on-mobile\" style=\"grid-template-columns:52% auto\"><figure class=\"wp-block-media-text__media\"><img loading=\"lazy\" decoding=\"async\" width=\"1024\" height=\"768\" src=\"https:\/\/www.lipka-box.sk\/wp-content\/uploads\/2023\/08\/20230803_094827-1-1024x768.jpg\" alt=\"\" class=\"wp-image-1015 size-full\" srcset=\"https:\/\/www.lipka-box.sk\/wp-content\/uploads\/2023\/08\/20230803_094827-1-1024x768.jpg 1024w, https:\/\/www.lipka-box.sk\/wp-content\/uploads\/2023\/08\/20230803_094827-1-300x225.jpg 300w, https:\/\/www.lipka-box.sk\/wp-content\/uploads\/2023\/08\/20230803_094827-1-768x576.jpg 768w, https:\/\/www.lipka-box.sk\/wp-content\/uploads\/2023\/08\/20230803_094827-1-1536x1152.jpg 1536w, https:\/\/www.lipka-box.sk\/wp-content\/uploads\/2023\/08\/20230803_094827-1-2048x1536.jpg 2048w, https:\/\/www.lipka-box.sk\/wp-content\/uploads\/2023\/08\/20230803_094827-1-2000x1500.jpg 2000w\" sizes=\"auto, (max-width: 1024px) 100vw, 1024px\" \/><\/figure><div class=\"wp-block-media-text__content\">\n<p><strong><mark style=\"background-color:rgba(0, 0, 0, 0)\" class=\"has-inline-color has-black-color\">FCI2 SPECIALITY<\/mark> 9.6.2023<\/strong><\/p>\n\n\n\n<p> Best junior <\/p>\n\n\n\n<p>Junior best of breed<\/p>\n\n\n\n<p><\/p>\n\n\n\n<p><strong>CACIB Umag 10.6.2023<\/strong><\/p>\n\n\n\n<p>Best junior <\/p>\n\n\n\n<p>Junior best of breed<\/p>\n\n\n\n<p>CACIB-J<\/p>\n\n\n\n<p>BOS<\/p>\n\n\n\n<p><strong>CACIB Umag 11.6.2023<\/strong><\/p>\n\n\n\n<p>Best junior <\/p>\n\n\n\n<p>Junior best of breed<\/p>\n\n\n\n<p>CACIB-J<\/p>\n\n\n\n<p> <\/p>\n\n\n\n<p><\/p>\n\n\n\n<figure class=\"wp-block-image size-full is-resized\"><img loading=\"lazy\" decoding=\"async\" src=\"https:\/\/www.lipka-box.sk\/wp-content\/uploads\/2023\/08\/facebook_1691056495858_7092805024806360728.jpg\" alt=\"\" class=\"wp-image-1016\" width=\"367\" height=\"206\" srcset=\"https:\/\/www.lipka-box.sk\/wp-content\/uploads\/2023\/08\/facebook_1691056495858_7092805024806360728.jpg 960w, https:\/\/www.lipka-box.sk\/wp-content\/uploads\/2023\/08\/facebook_1691056495858_7092805024806360728-300x169.jpg 300w, https:\/\/www.lipka-box.sk\/wp-content\/uploads\/2023\/08\/facebook_1691056495858_7092805024806360728-768x432.jpg 768w\" sizes=\"auto, (max-width: 367px) 100vw, 367px\" \/><\/figure>\n<\/div><\/div>\n\n\n\n<h2 class=\"wp-block-heading\"><img loading=\"lazy\" decoding=\"async\" width=\"16\" height=\"16\" src=\"https:\/\/static.xx.fbcdn.net\/images\/emoji.php\/v9\/tbe\/1\/16\/1f3c6.png\" alt=\"\ud83c\udfc6\"> <img loading=\"lazy\" decoding=\"async\" width=\"16\" height=\"16\" src=\"https:\/\/static.xx.fbcdn.net\/images\/emoji.php\/v9\/tbe\/1\/16\/1f3c6.png\" alt=\"\ud83c\udfc6\"> <img loading=\"lazy\" decoding=\"async\" width=\"16\" height=\"16\" src=\"https:\/\/static.xx.fbcdn.net\/images\/emoji.php\/v9\/tbe\/1\/16\/1f3c6.png\" alt=\"\ud83c\udfc6\"><mark style=\"background-color:rgba(0, 0, 0, 0)\" class=\"has-inline-color has-vivid-red-color\"><strong>Hungaria Junior Champion<\/strong> <\/mark> <img loading=\"lazy\" decoding=\"async\" width=\"16\" height=\"16\" src=\"https:\/\/static.xx.fbcdn.net\/images\/emoji.php\/v9\/tbe\/1\/16\/1f3c6.png\" alt=\"\ud83c\udfc6\"> <img loading=\"lazy\" decoding=\"async\" width=\"16\" height=\"16\" src=\"https:\/\/static.xx.fbcdn.net\/images\/emoji.php\/v9\/tbe\/1\/16\/1f3c6.png\" alt=\"\ud83c\udfc6\"><img decoding=\"async\" style=\"width: 4px;\" src=\"https:\/\/static.xx.fbcdn.net\/images\/emoji.php\/v9\/tbe\/1\/16\/1f3c6.png\" alt=\"\ud83c\udfc6\"><img loading=\"lazy\" decoding=\"async\" width=\"16\" height=\"16\" src=\"https:\/\/static.xx.fbcdn.net\/images\/emoji.php\/v9\/tbe\/1\/16\/1f3c6.png\" alt=\"\ud83c\udfc6\"><\/h2>\n\n\n\n<div class=\"wp-block-media-text alignwide is-stacked-on-mobile\"><figure class=\"wp-block-media-text__media\"><img loading=\"lazy\" decoding=\"async\" width=\"768\" height=\"1024\" src=\"https:\/\/www.lipka-box.sk\/wp-content\/uploads\/2023\/08\/facebook_1691056114625_7092803425796564708-1-768x1024.jpg\" alt=\"\" class=\"wp-image-1017 size-full\" srcset=\"https:\/\/www.lipka-box.sk\/wp-content\/uploads\/2023\/08\/facebook_1691056114625_7092803425796564708-1-768x1024.jpg 768w, https:\/\/www.lipka-box.sk\/wp-content\/uploads\/2023\/08\/facebook_1691056114625_7092803425796564708-1-225x300.jpg 225w, https:\/\/www.lipka-box.sk\/wp-content\/uploads\/2023\/08\/facebook_1691056114625_7092803425796564708-1.jpg 1080w\" sizes=\"auto, (max-width: 768px) 100vw, 768px\" \/><\/figure><div class=\"wp-block-media-text__content\">\n<p><strong><mark style=\"background-color:rgba(0, 0, 0, 0)\" class=\"has-inline-color has-luminous-vivid-orange-color\">Hungaria Junior Champion<\/mark><\/strong><\/p>\n\n\n\n<p>International dog show CACIB SARV\u00c1R<\/p>\n\n\n\n<p>14.6-16.7.2023<\/p>\n\n\n\n<figure class=\"wp-block-image size-large is-resized\"><img loading=\"lazy\" decoding=\"async\" src=\"https:\/\/www.lipka-box.sk\/wp-content\/uploads\/2023\/08\/20230716_141541-1024x768.jpg\" alt=\"\" class=\"wp-image-1018\" width=\"383\" height=\"287\" srcset=\"https:\/\/www.lipka-box.sk\/wp-content\/uploads\/2023\/08\/20230716_141541-1024x768.jpg 1024w, https:\/\/www.lipka-box.sk\/wp-content\/uploads\/2023\/08\/20230716_141541-300x225.jpg 300w, https:\/\/www.lipka-box.sk\/wp-content\/uploads\/2023\/08\/20230716_141541-768x576.jpg 768w, https:\/\/www.lipka-box.sk\/wp-content\/uploads\/2023\/08\/20230716_141541-1536x1152.jpg 1536w, https:\/\/www.lipka-box.sk\/wp-content\/uploads\/2023\/08\/20230716_141541-2048x1536.jpg 2048w, https:\/\/www.lipka-box.sk\/wp-content\/uploads\/2023\/08\/20230716_141541-2000x1500.jpg 2000w\" sizes=\"auto, (max-width: 383px) 100vw, 383px\" \/><\/figure>\n<\/div><\/div>\n","protected":false},"excerpt":{"rendered":"<p>Ethetnity Vanbox Enola Holmes Preslavva Civitas IDS Lu\u010denec 13.5.2023 Exc.1,CAJC,junior CACIB ,Junior BOB,BOS Judge :Radv\u00e1nyi Tam\u00e1s 14.5.2023 Exc.1, CAJC Judge: Pettk\u00f3 Csaba, HU Splnila podmienky pre udelenie Slovensk\u00fd \u0161ampi\u00f3n mlad\u00fdch Slovensk\u00fd \u0161ampi\u00f3n mlad\u00fdch CROATIAN JUNIOR CHAMPION Hungaria Junior Champion<\/p>\n","protected":false},"author":1,"featured_media":0,"parent":0,"menu_order":0,"comment_status":"closed","ping_status":"closed","template":"","meta":{"footnotes":""},"class_list":["post-54","page","type-page","status-publish","hentry"],"_links":{"self":[{"href":"https:\/\/www.lipka-box.sk\/index.php?rest_route=\/wp\/v2\/pages\/54","targetHints":{"allow":["GET"]}}],"collection":[{"href":"https:\/\/www.lipka-box.sk\/index.php?rest_route=\/wp\/v2\/pages"}],"about":[{"href":"https:\/\/www.lipka-box.sk\/index.php?rest_route=\/wp\/v2\/types\/page"}],"author":[{"embeddable":true,"href":"https:\/\/www.lipka-box.sk\/index.php?rest_route=\/wp\/v2\/users\/1"}],"replies":[{"embeddable":true,"href":"https:\/\/www.lipka-box.sk\/index.php?rest_route=%2Fwp%2Fv2%2Fcomments&post=54"}],"version-history":[{"count":12,"href":"https:\/\/www.lipka-box.sk\/index.php?rest_route=\/wp\/v2\/pages\/54\/revisions"}],"predecessor-version":[{"id":1020,"href":"https:\/\/www.lipka-box.sk\/index.php?rest_route=\/wp\/v2\/pages\/54\/revisions\/1020"}],"wp:attachment":[{"href":"https:\/\/www.lipka-box.sk\/index.php?rest_route=%2Fwp%2Fv2%2Fmedia&parent=54"}],"curies":[{"name":"wp","href":"https:\/\/api.w.org\/{rel}","templated":true}]}}